{"id":993658,"date":"2024-01-08T10:09:46","date_gmt":"2024-01-08T09:09:46","guid":{"rendered":"https:\/\/www.poderemaremma.it\/?page_id=993658"},"modified":"2024-01-12T09:22:20","modified_gmt":"2024-01-12T08:22:20","slug":"location-fur-hochzeiten","status":"publish","type":"page","link":"https:\/\/www.poderemaremma.it\/de\/location-fur-hochzeiten\/","title":{"rendered":"Location f\u00fcr Hochzeiten"},"content":{"rendered":"<div class=\"fl-builder-content fl-builder-content-993658 fl-builder-global-templates-locked\" data-post-id=\"993658\"><div class=\"fl-row fl-row-full-width fl-row-bg-color fl-node-s39x5gtqvzcm fl-row-bg-attachment-scroll\" data-node=\"s39x5gtqvzcm\">\n\t<div class=\"fl-row-content-wrap\">\n\t\t\t\t\t\t<div class=\"fl-row-content fl-row-fixed-width fl-node-content\">\n\t\t\n<div class=\"fl-col-group fl-node-13zdxwkyio8f\" data-node=\"13zdxwkyio8f\">\n\t\t\t<div class=\"fl-col fl-node-6f4lveozcip0\" data-node=\"6f4lveozcip0\">\n\t<div class=\"fl-col-content fl-node-content\">\n\t<div class=\"fl-module fl-module-html fl-node-6o023yv4kjrz\" data-node=\"6o023yv4kjrz\">\n\t<div class=\"fl-module-content fl-node-content\">\n\t\t<div class=\"fl-html\">\n\t<div class=\"sostitutibookingengine\">\n  <a href=\"tel:+3905641886996\" target=\"_blank\" class=\"bookingbutton prenota\">Chiama Ora<\/a> <a href=\"https:\/\/api.whatsapp.com\/send?phone=3905641886996&text=Ciao%2C%20ho%20visto%20il%20sito%20web%20vorrei%20chiederti%3A%20\" class=\"bookingbutton\">Chat WhatsApp<\/a>\n<\/div><\/div>\n\t<\/div>\n<\/div>\n\t<\/div>\n<\/div>\n\t<\/div>\n\t\t<\/div>\n\t<\/div>\n<\/div>\n<div class=\"fl-row fl-row-full-width fl-row-bg-color fl-node-cn0xb5gtfydm fl-row-bg-attachment-scroll\" data-node=\"cn0xb5gtfydm\">\n\t<div class=\"fl-row-content-wrap\">\n\t\t\t\t\t\t<div class=\"fl-row-content fl-row-fixed-width fl-node-content\">\n\t\t\n<div class=\"fl-col-group fl-node-pz12sug37b8j fl-col-group-custom-width\" data-node=\"pz12sug37b8j\">\n\t\t\t<div class=\"fl-col fl-node-ohviq2lau7b3 fl-col-has-cols\" data-node=\"ohviq2lau7b3\">\n\t<div class=\"fl-col-content fl-node-content\">\n\t\n<div class=\"fl-col-group fl-node-7hv6y4qre3gd fl-col-group-nested fl-col-group-equal-height fl-col-group-align-center fl-col-group-custom-width fl-col-group-responsive-reversed\" data-node=\"7hv6y4qre3gd\">\n\t\t\t<div class=\"fl-col fl-node-m1aobip2rulf fl-col-small\" data-node=\"m1aobip2rulf\">\n\t<div class=\"fl-col-content fl-node-content\">\n\t<div class=\"fl-module fl-module-vamtam-heading fl-node-tp0joaf1h72m\" data-node=\"tp0joaf1h72m\">\n\t<div class=\"fl-module-content fl-node-content\">\n\t\t<h3 class=\"vamtam-heading \">\n\t\n\t\n\t<span class=\"vamtam-heading-text\">Hochzeitsort<\/span>\n\n\t\n\t<\/h3>\n\t<\/div>\n<\/div>\n<div class=\"fl-module fl-module-rich-text fl-node-5k0iv3zcy2d8\" data-node=\"5k0iv3zcy2d8\">\n\t<div class=\"fl-module-content fl-node-content\">\n\t\t<div class=\"fl-rich-text\">\n\t<p>F\u00fcr diejenigen, die einen originellen Ort f\u00fcr Hochzeitsempf\u00e4nge und offizielle Feiern ziviler Riten suchen, ist das AgriResort Podere Maremma der ideale Ort. Es ist m\u00f6glich, den Empfang in unserer \u201eOrangerie\u201c zu organisieren, die sich durch gro\u00dfe Fenster auszeichnet, die einen privilegierten Blick von innen bieten, eine elegante und informelle L\u00f6sung f\u00fcr diejenigen, die davon tr\u00e4umen, einen wichtigen Moment im Freien zu feiern.<\/p>\n<\/div>\n\t<\/div>\n<\/div>\n\t<\/div>\n<\/div>\n\t\t\t<div class=\"fl-col fl-node-6c593tjr8avf\" data-node=\"6c593tjr8avf\" data-progressive-animation=\"move-from-bottom\" data-vamtam-animation-options=\"{&quot;type&quot;:&quot;progressive&quot;,&quot;origin&quot;:&quot;center center&quot;,&quot;exit&quot;:false,&quot;delay&quot;:0,&quot;mobile&quot;:false,&quot;pin&quot;:false,&quot;pinTrigger&quot;:&quot;&quot;}\">\n\t<div class=\"fl-col-content fl-node-content\">\n\t\t<\/div>\n<\/div>\n\t<\/div>\n\t<\/div>\n<\/div>\n\t<\/div>\n\t\t<\/div>\n\t<\/div>\n<\/div>\n<div class=\"fl-row fl-row-full-width fl-row-bg-color fl-node-j6p1szane9bo fl-row-bg-attachment-scroll\" data-node=\"j6p1szane9bo\">\n\t<div class=\"fl-row-content-wrap\">\n\t\t\t\t\t\t<div class=\"fl-row-content fl-row-fixed-width fl-node-content\">\n\t\t\n<div class=\"fl-col-group fl-node-58bg7fm4aqn9 fl-col-group-custom-width\" data-node=\"58bg7fm4aqn9\">\n\t\t\t<div class=\"fl-col fl-node-1hz34jd62k9t fl-col-has-cols\" data-node=\"1hz34jd62k9t\">\n\t<div class=\"fl-col-content fl-node-content\">\n\t\n<div class=\"fl-col-group fl-node-0blhasjipy25 fl-col-group-nested fl-col-group-equal-height fl-col-group-align-center fl-col-group-custom-width\" data-node=\"0blhasjipy25\">\n\t\t\t<div class=\"fl-col fl-node-879xctnar0pl\" data-node=\"879xctnar0pl\" data-progressive-animation=\"move-from-bottom\" data-vamtam-animation-options=\"{&quot;type&quot;:&quot;progressive&quot;,&quot;origin&quot;:&quot;center center&quot;,&quot;exit&quot;:false,&quot;delay&quot;:0,&quot;mobile&quot;:false,&quot;pin&quot;:false,&quot;pinTrigger&quot;:&quot;&quot;}\">\n\t<div class=\"fl-col-content fl-node-content\">\n\t\t<\/div>\n<\/div>\n\t\t\t<div class=\"fl-col fl-node-j8rog4eav7ch fl-col-small\" data-node=\"j8rog4eav7ch\">\n\t<div class=\"fl-col-content fl-node-content\">\n\t<div class=\"fl-module fl-module-rich-text fl-node-lzcqhonfiy1r\" data-node=\"lzcqhonfiy1r\">\n\t<div class=\"fl-module-content fl-node-content\">\n\t\t<div class=\"fl-rich-text\">\n\t<p>Bietet Platz f\u00fcr \u00fcber 150 G\u00e4ste im Innenbereich und l\u00e4sst sich von den Farben und D\u00fcften der Zitruspflanzen verw\u00f6hnen. Die Orangerie eignet sich f\u00fcr gro\u00dfe Empf\u00e4nge und jede Wettersituation.<\/p>\n<p>Es liegt in Orbetello, im Herzen der Maremma, nur 2 km vom Argentario-Meer entfernt.<\/p>\n<p>Das AgriResort umfasst eine Unterkunft mit 80 Betten, umgeben von \u00fcber 2000 Olivenb\u00e4umen, einen herrlichen Infinity-Pool und ein Spa<\/p>\n<\/div>\n\t<\/div>\n<\/div>\n\t<\/div>\n<\/div>\n\t<\/div>\n\t<\/div>\n<\/div>\n\t<\/div>\n\t\t<\/div>\n\t<\/div>\n<\/div>\n<div class=\"fl-row fl-row-full-width fl-row-bg-color fl-node-3ki9xt8w75g2 fl-row-bg-attachment-scroll\" data-node=\"3ki9xt8w75g2\">\n\t<div class=\"fl-row-content-wrap\">\n\t\t\t\t\t\t<div class=\"fl-row-content fl-row-fixed-width fl-node-content\">\n\t\t\n<div class=\"fl-col-group fl-node-e4zy06ilfpox fl-col-group-custom-width\" data-node=\"e4zy06ilfpox\">\n\t\t\t<div class=\"fl-col fl-node-52muq1og0ck9 fl-col-has-cols\" data-node=\"52muq1og0ck9\">\n\t<div class=\"fl-col-content fl-node-content\">\n\t\n<div class=\"fl-col-group fl-node-1oz3p0r9thlg fl-col-group-nested fl-col-group-equal-height fl-col-group-align-center fl-col-group-custom-width fl-col-group-responsive-reversed\" data-node=\"1oz3p0r9thlg\">\n\t\t\t<div class=\"fl-col fl-node-hgaivyjcezsb fl-col-small\" data-node=\"hgaivyjcezsb\">\n\t<div class=\"fl-col-content fl-node-content\">\n\t<div class=\"fl-module fl-module-rich-text fl-node-w0794z5uvheo\" data-node=\"w0794z5uvheo\">\n\t<div class=\"fl-module-content fl-node-content\">\n\t\t<div class=\"fl-rich-text\">\n\t<p><strong>DIENSTLEISTUNGEN<\/strong>:<\/p>\n<ul>\n<li>Ganzj\u00e4hrig ge\u00f6ffnet<\/li>\n<li>Standesamtliche Trauung mit rechtlichem Wert<\/li>\n<li>Maximale Kapazit\u00e4t 150 Personen<\/li>\n<li>Toilette<\/li>\n<li>Parken<\/li>\n<\/ul>\n<\/div>\n\t<\/div>\n<\/div>\n<div class=\"fl-module fl-module-vamtam-button fl-node-bft6eocmslgz\" data-node=\"bft6eocmslgz\">\n\t<div class=\"fl-module-content fl-node-content\">\n\t\t<div class=\"vamtam-button-wrap vamtam-button-width-auto\" style=\"text-align:center\">\n\t<a href=\"mailto:info@poderemaremma.it?Informationsanfrage%20Ort%20f\u00fcr%20Hochzeiten%20und%20Zeremonien\" target=\"_blank\" class=\"vamtam-button accent1 hover-accent6 button-solid icon-animation-disable\" role=\"button\" style=\"font-size:14px;line-height:16px;padding:16px 32px;\">\n\n\t\t\n\t\t\t\t\t<span class=\"vamtam-button-text\">Fordern Sie ein Angebot an<\/span>\n\t\t\n\t\t\n\t<\/a>\n<\/div>\n\t<\/div>\n<\/div>\n<div class=\"fl-module fl-module-rich-text fl-node-f26b3x805ac9\" data-node=\"f26b3x805ac9\">\n\t<div class=\"fl-module-content fl-node-content\">\n\t\t<div class=\"fl-rich-text\">\n\t<p style=\"text-align: center;\">oder kontaktieren Sie uns direkt<\/p>\n<p style=\"text-align: center;\"><a href=\"tel:+3905641886996\">+39 0564 1886996<\/a><\/p>\n<\/div>\n\t<\/div>\n<\/div>\n\t<\/div>\n<\/div>\n\t\t\t<div class=\"fl-col fl-node-ro72nuzjgd9p\" data-node=\"ro72nuzjgd9p\" data-progressive-animation=\"move-from-bottom\" data-vamtam-animation-options=\"{&quot;type&quot;:&quot;progressive&quot;,&quot;origin&quot;:&quot;center center&quot;,&quot;exit&quot;:false,&quot;delay&quot;:0,&quot;mobile&quot;:false,&quot;pin&quot;:false,&quot;pinTrigger&quot;:&quot;&quot;}\">\n\t<div class=\"fl-col-content fl-node-content\">\n\t\t<\/div>\n<\/div>\n\t<\/div>\n\t<\/div>\n<\/div>\n\t<\/div>\n\t\t<\/div>\n\t<\/div>\n<\/div>\n<\/div>","protected":false},"excerpt":{"rendered":"<p>Chiama Ora Chat WhatsApp Hochzeitsort F\u00fcr diejenigen, die einen originellen Ort f\u00fcr Hochzeitsempf\u00e4nge und offizielle Feiern ziviler Riten suchen, ist das AgriResort Podere Maremma der ideale Ort. Es ist m\u00f6glich, den Empfang in unserer \u201eOrangerie\u201c zu organisieren, die sich durch gro\u00dfe Fenster auszeichnet, die einen privilegierten Blick von innen bieten, eine elegante und informelle L\u00f6sung&#8230;<\/p>\n","protected":false},"author":1,"featured_media":0,"parent":0,"menu_order":0,"comment_status":"closed","ping_status":"closed","template":"","meta":{"inline_featured_image":false,"footnotes":""},"class_list":["post-993658","page","type-page","status-publish","hentry"],"_links":{"self":[{"href":"https:\/\/www.poderemaremma.it\/de\/wp-json\/wp\/v2\/pages\/993658","targetHints":{"allow":["GET"]}}],"collection":[{"href":"https:\/\/www.poderemaremma.it\/de\/wp-json\/wp\/v2\/pages"}],"about":[{"href":"https:\/\/www.poderemaremma.it\/de\/wp-json\/wp\/v2\/types\/page"}],"author":[{"embeddable":true,"href":"https:\/\/www.poderemaremma.it\/de\/wp-json\/wp\/v2\/users\/1"}],"replies":[{"embeddable":true,"href":"https:\/\/www.poderemaremma.it\/de\/wp-json\/wp\/v2\/comments?post=993658"}],"version-history":[{"count":2,"href":"https:\/\/www.poderemaremma.it\/de\/wp-json\/wp\/v2\/pages\/993658\/revisions"}],"predecessor-version":[{"id":993677,"href":"https:\/\/www.poderemaremma.it\/de\/wp-json\/wp\/v2\/pages\/993658\/revisions\/993677"}],"wp:attachment":[{"href":"https:\/\/www.poderemaremma.it\/de\/wp-json\/wp\/v2\/media?parent=993658"}],"curies":[{"name":"wp","href":"https:\/\/api.w.org\/{rel}","templated":true}]}}