{"id":993602,"date":"2023-12-20T12:17:18","date_gmt":"2023-12-20T11:17:18","guid":{"rendered":"https:\/\/www.poderemaremma.it\/?page_id=993602"},"modified":"2024-01-12T09:36:31","modified_gmt":"2024-01-12T08:36:31","slug":"hochzeiten-und-veranstaltungen","status":"publish","type":"page","link":"https:\/\/www.poderemaremma.it\/de\/hochzeiten-und-veranstaltungen\/","title":{"rendered":"Hochzeiten und Veranstaltungen"},"content":{"rendered":"<div class=\"fl-builder-content fl-builder-content-993602 fl-builder-global-templates-locked\" data-post-id=\"993602\"><div class=\"fl-row fl-row-full-width fl-row-bg-color fl-node-3zi6d2knj8oy fl-row-bg-attachment-scroll\" data-node=\"3zi6d2knj8oy\">\n\t<div class=\"fl-row-content-wrap\">\n\t\t\t\t\t\t<div class=\"fl-row-content fl-row-fixed-width fl-node-content\">\n\t\t\n<div class=\"fl-col-group fl-node-k59dvmnblqui\" data-node=\"k59dvmnblqui\">\n\t\t\t<div class=\"fl-col fl-node-6wmpuc5tyisv\" data-node=\"6wmpuc5tyisv\">\n\t<div class=\"fl-col-content fl-node-content\">\n\t<div class=\"fl-module fl-module-html fl-node-pet6sxu4kvbz\" data-node=\"pet6sxu4kvbz\">\n\t<div class=\"fl-module-content fl-node-content\">\n\t\t<div class=\"fl-html\">\n\t<div class=\"sostitutibookingengine\">\n  <a href=\"tel:+3905641886996\" target=\"_blank\" class=\"bookingbutton prenota\">Jetzt Anrufen<\/a> <a href=\"https:\/\/api.whatsapp.com\/send?phone=3905641886996&text=Hi%2C%20i%20saw%20web%20site%20wanna%20ask%3A%20\" class=\"bookingbutton\">Chat WhatsApp<\/a>\n<\/div><\/div>\n\t<\/div>\n<\/div>\n\t<\/div>\n<\/div>\n\t<\/div>\n\t\t<\/div>\n\t<\/div>\n<\/div>\n<div class=\"fl-row fl-row-full-width fl-row-bg-none fl-node-tvmgrfsqw1bu fl-row-bg-attachment-scroll\" data-node=\"tvmgrfsqw1bu\">\n\t<div class=\"fl-row-content-wrap\">\n\t\t\t\t\t\t<div class=\"fl-row-content fl-row-fixed-width fl-node-content\">\n\t\t\n<div class=\"fl-col-group fl-node-gka9fbx5j670\" data-node=\"gka9fbx5j670\">\n\t\t\t<div class=\"fl-col fl-node-xelwynhcuv63\" data-node=\"xelwynhcuv63\">\n\t<div class=\"fl-col-content fl-node-content\">\n\t<div class=\"fl-module fl-module-rich-text fl-node-frwat5e4y6u8\" data-node=\"frwat5e4y6u8\">\n\t<div class=\"fl-module-content fl-node-content\">\n\t\t<div class=\"fl-rich-text\">\n\t<p style=\"text-align: center;\">Die Orangerie Podere Maremma ist der ideale Ort f\u00fcr die Organisation von Hochzeiten, Geburtstagen, Jubil\u00e4en, Kommunionen, Konfirmationen, Firmen- und Teambuilding-Events, Pressekonferenzen, Produkteinf\u00fchrungen, Galadinners, Auszeichnungen, Jubil\u00e4en, k\u00fcnstlerischen Darbietungen und Incentives.<\/p>\n<\/div>\n\t<\/div>\n<\/div>\n\t<\/div>\n<\/div>\n\t<\/div>\n\t\t<\/div>\n\t<\/div>\n<\/div>\n<div class=\"fl-row fl-row-full-width fl-row-bg-none fl-node-p8k9tzxnody1 fl-row-bg-attachment-scroll\" data-node=\"p8k9tzxnody1\">\n\t<div class=\"fl-row-content-wrap\">\n\t\t\t\t\t\t<div class=\"fl-row-content fl-row-full-width fl-node-content\">\n\t\t\n<div class=\"fl-col-group fl-node-r0bhk7nx2mt6\" data-node=\"r0bhk7nx2mt6\">\n\t\t\t<div class=\"fl-col fl-node-irqdbljmwxz5 fl-col-small fl-col-bg-overlay\" data-node=\"irqdbljmwxz5\">\n\t<div class=\"fl-col-content fl-node-content\">\n\t<div class=\"fl-module fl-module-rich-text fl-node-xmqst6p2ruv9\" data-node=\"xmqst6p2ruv9\">\n\t<div class=\"fl-module-content fl-node-content\">\n\t\t<div class=\"fl-rich-text\">\n\t<h2 style=\"text-align: center;\"><span style=\"color: #ffffff;\"><br \/>\nHochzeiten<\/span><\/h2>\n<\/div>\n\t<\/div>\n<\/div>\n<div class=\"fl-module fl-module-vamtam-button fl-node-nzd6lgf31ouw\" data-node=\"nzd6lgf31ouw\">\n\t<div class=\"fl-module-content fl-node-content\">\n\t\t<div class=\"vamtam-button-wrap vamtam-button-width-auto\" style=\"text-align:center\">\n\t<a href=\"https:\/\/www.poderemaremma.it\/de\/location-fur-hochzeiten\/\" target=\"_self\" class=\"vamtam-button accent1 hover-accent6 button-solid icon-animation-disable\" role=\"button\" style=\"font-size:14px;line-height:16px;padding:16px 32px;\">\n\n\t\t\n\t\t\t\t\t<span class=\"vamtam-button-text\">Mehr Informationen<\/span>\n\t\t\n\t\t\n\t<\/a>\n<\/div>\n\t<\/div>\n<\/div>\n\t<\/div>\n<\/div>\n\t\t\t<div class=\"fl-col fl-node-fkp5uc34jdti fl-col-small fl-col-bg-overlay\" data-node=\"fkp5uc34jdti\">\n\t<div class=\"fl-col-content fl-node-content\">\n\t<div class=\"fl-module fl-module-rich-text fl-node-f52oqu09x8y6\" data-node=\"f52oqu09x8y6\">\n\t<div class=\"fl-module-content fl-node-content\">\n\t\t<div class=\"fl-rich-text\">\n\t<h2 style=\"text-align: center;\"><span style=\"color: #ffffff;\">Geburtstage, Jubil\u00e4en<br \/>\nKommunionen Konfirmationen<\/span><\/h2>\n<\/div>\n\t<\/div>\n<\/div>\n<div class=\"fl-module fl-module-vamtam-button fl-node-36i49lsnumva\" data-node=\"36i49lsnumva\">\n\t<div class=\"fl-module-content fl-node-content\">\n\t\t<div class=\"vamtam-button-wrap vamtam-button-width-auto\" style=\"text-align:center\">\n\t<a href=\"https:\/\/www.poderemaremma.it\/de\/ort-fur-geburtstage-jubilaen-kommunionen-und-konfirmationen\/\" target=\"_self\" class=\"vamtam-button accent1 hover-accent6 button-solid icon-animation-disable\" role=\"button\" style=\"font-size:14px;line-height:16px;padding:16px 32px;\">\n\n\t\t\n\t\t\t\t\t<span class=\"vamtam-button-text\">Mehr Informationen<\/span>\n\t\t\n\t\t\n\t<\/a>\n<\/div>\n\t<\/div>\n<\/div>\n\t<\/div>\n<\/div>\n\t\t\t<div class=\"fl-col fl-node-7d21brqh04im fl-col-small fl-col-bg-overlay\" data-node=\"7d21brqh04im\">\n\t<div class=\"fl-col-content fl-node-content\">\n\t<div class=\"fl-module fl-module-rich-text fl-node-r2pkn3zq054w\" data-node=\"r2pkn3zq054w\">\n\t<div class=\"fl-module-content fl-node-content\">\n\t\t<div class=\"fl-rich-text\">\n\t<h2 style=\"text-align: center;\"><span style=\"color: #ffffff;\">Firmen<br \/>\nund Teambuilding-Events<\/span><\/h2>\n<\/div>\n\t<\/div>\n<\/div>\n<div class=\"fl-module fl-module-vamtam-button fl-node-jyvor2utbwkf\" data-node=\"jyvor2utbwkf\">\n\t<div class=\"fl-module-content fl-node-content\">\n\t\t<div class=\"vamtam-button-wrap vamtam-button-width-auto\" style=\"text-align:center\">\n\t<a href=\"https:\/\/www.poderemaremma.it\/de\/location-fur-firmenevents-und-teambuilding\/\" target=\"_self\" class=\"vamtam-button accent1 hover-accent6 button-solid icon-animation-disable\" role=\"button\" style=\"font-size:14px;line-height:16px;padding:16px 32px;\">\n\n\t\t\n\t\t\t\t\t<span class=\"vamtam-button-text\">Mehr Informationen<\/span>\n\t\t\n\t\t\n\t<\/a>\n<\/div>\n\t<\/div>\n<\/div>\n\t<\/div>\n<\/div>\n\t<\/div>\n\t\t<\/div>\n\t<\/div>\n<\/div>\n<\/div>","protected":false},"excerpt":{"rendered":"<p>Jetzt Anrufen Chat WhatsApp Die Orangerie Podere Maremma ist der ideale Ort f\u00fcr die Organisation von Hochzeiten, Geburtstagen, Jubil\u00e4en, Kommunionen, Konfirmationen, Firmen- und Teambuilding-Events, Pressekonferenzen, Produkteinf\u00fchrungen, Galadinners, Auszeichnungen, Jubil\u00e4en, k\u00fcnstlerischen Darbietungen und Incentives. Hochzeiten Mehr Informationen Geburtstage, Jubil\u00e4en Kommunionen Konfirmationen Mehr Informationen Firmen und Teambuilding-Events Mehr Informationen<\/p>\n","protected":false},"author":1,"featured_media":0,"parent":0,"menu_order":0,"comment_status":"closed","ping_status":"closed","template":"","meta":{"inline_featured_image":false,"footnotes":""},"class_list":["post-993602","page","type-page","status-publish","hentry"],"_links":{"self":[{"href":"https:\/\/www.poderemaremma.it\/de\/wp-json\/wp\/v2\/pages\/993602","targetHints":{"allow":["GET"]}}],"collection":[{"href":"https:\/\/www.poderemaremma.it\/de\/wp-json\/wp\/v2\/pages"}],"about":[{"href":"https:\/\/www.poderemaremma.it\/de\/wp-json\/wp\/v2\/types\/page"}],"author":[{"embeddable":true,"href":"https:\/\/www.poderemaremma.it\/de\/wp-json\/wp\/v2\/users\/1"}],"replies":[{"embeddable":true,"href":"https:\/\/www.poderemaremma.it\/de\/wp-json\/wp\/v2\/comments?post=993602"}],"version-history":[{"count":3,"href":"https:\/\/www.poderemaremma.it\/de\/wp-json\/wp\/v2\/pages\/993602\/revisions"}],"predecessor-version":[{"id":993682,"href":"https:\/\/www.poderemaremma.it\/de\/wp-json\/wp\/v2\/pages\/993602\/revisions\/993682"}],"wp:attachment":[{"href":"https:\/\/www.poderemaremma.it\/de\/wp-json\/wp\/v2\/media?parent=993602"}],"curies":[{"name":"wp","href":"https:\/\/api.w.org\/{rel}","templated":true}]}}