{"id":991843,"date":"2022-10-07T18:07:33","date_gmt":"2022-10-07T16:07:33","guid":{"rendered":"http:\/\/new.poderemaremma.it\/bauernhaus-maremma\/dienstleistungen\/excursions\/"},"modified":"2022-11-02T15:57:48","modified_gmt":"2022-11-02T14:57:48","slug":"ausfluege","status":"publish","type":"page","link":"https:\/\/www.poderemaremma.it\/de\/bauernhaus-maremma\/dienstleistungen\/ausfluege\/","title":{"rendered":"Leitfaden f\u00fcr Ausfl\u00fcge"},"content":{"rendered":"<div class=\"fl-builder-content fl-builder-content-991843 fl-builder-global-templates-locked\" data-post-id=\"991843\"><div class=\"fl-row fl-row-full-width fl-row-bg-color fl-node-s30dzo1q2yb6 fl-row-bg-attachment-scroll\" data-node=\"s30dzo1q2yb6\">\n\t<div class=\"fl-row-content-wrap\">\n\t\t\t\t\t\t<div class=\"fl-row-content fl-row-fixed-width fl-node-content\">\n\t\t\n<div class=\"fl-col-group fl-node-nhabej3zisc1 fl-col-group-custom-width\" data-node=\"nhabej3zisc1\">\n\t\t\t<div class=\"fl-col fl-node-l3hdugy2wm0b fl-col-has-cols\" data-node=\"l3hdugy2wm0b\">\n\t<div class=\"fl-col-content fl-node-content\">\n\t\n<div class=\"fl-col-group fl-node-0kbruf9o1sdq fl-col-group-nested fl-col-group-equal-height fl-col-group-align-center fl-col-group-custom-width fl-col-group-responsive-reversed\" data-node=\"0kbruf9o1sdq\">\n\t\t\t<div class=\"fl-col fl-node-20jr4l7nfx3a fl-col-small\" data-node=\"20jr4l7nfx3a\">\n\t<div class=\"fl-col-content fl-node-content\">\n\t<div class=\"fl-module fl-module-rich-text fl-node-856ymozblcs3\" data-node=\"856ymozblcs3\">\n\t<div class=\"fl-module-content fl-node-content\">\n\t\t<div class=\"fl-rich-text\">\n\t<p style=\"text-align: center;\"><a href=\"http:\/\/www.poderemaremma.it\/de\/bauernhaus-maremma\/dienstleistungen\/\">\u2190\u00a0zur\u00fcck zur Serviceseite<\/a><\/p>\n<\/div>\n\t<\/div>\n<\/div>\n<div class=\"fl-module fl-module-vamtam-icon fl-node-92u74fgrkiwp\" data-node=\"92u74fgrkiwp\">\n\t<div class=\"fl-module-content fl-node-content\">\n\t\t<span class=\"fl-icon-wrap\">\n\t<span class=\"fl-icon\">\n\t\t\t\t\t<i class=\"fas fa-map-signs \" ><\/i>\n\t\t\t<\/span>\n\n\t<\/span>\n\t<\/div>\n<\/div>\n<div class=\"fl-module fl-module-vamtam-heading fl-node-mwjgkyu2ls6r\" data-node=\"mwjgkyu2ls6r\">\n\t<div class=\"fl-module-content fl-node-content\">\n\t\t<h3 class=\"vamtam-heading \">\n\t\n\t\n\t<span class=\"vamtam-heading-text\">Bauernhaus in der Maremma<br>mit Wanderf\u00fchrer<\/span>\n\n\t\n\t<\/h3>\n\t<\/div>\n<\/div>\n<div class=\"fl-module fl-module-rich-text fl-node-1xyv5zgk0ts4\" data-node=\"1xyv5zgk0ts4\">\n\t<div class=\"fl-module-content fl-node-content\">\n\t\t<div class=\"fl-rich-text\">\n\t<p>Die G\u00e4ste k\u00f6nnen sich auf die Mitarbeiter des Podere Maremma verlassen, um Ausfl\u00fcge in die Umgebung mit fachkundigen F\u00fchrern zu planen.<\/p>\n<\/div>\n\t<\/div>\n<\/div>\n\t<\/div>\n<\/div>\n\t\t\t<div class=\"fl-col fl-node-5zni81vbedta\" data-node=\"5zni81vbedta\" data-progressive-animation=\"move-from-bottom\" data-vamtam-animation-options=\"{&quot;type&quot;:&quot;progressive&quot;,&quot;origin&quot;:&quot;center center&quot;,&quot;exit&quot;:false,&quot;delay&quot;:0,&quot;mobile&quot;:false,&quot;pin&quot;:false,&quot;pinTrigger&quot;:&quot;&quot;}\">\n\t<div class=\"fl-col-content fl-node-content\">\n\t\t<\/div>\n<\/div>\n\t<\/div>\n\t<\/div>\n<\/div>\n\t<\/div>\n\t\t<\/div>\n\t<\/div>\n<\/div>\n<\/div>","protected":false},"excerpt":{"rendered":"<p>\u2190\u00a0zur\u00fcck zur Serviceseite Bauernhaus in der Maremmamit Wanderf\u00fchrer Die G\u00e4ste k\u00f6nnen sich auf die Mitarbeiter des Podere Maremma verlassen, um Ausfl\u00fcge in die Umgebung mit fachkundigen F\u00fchrern zu planen.<\/p>\n","protected":false},"author":1,"featured_media":0,"parent":991819,"menu_order":0,"comment_status":"closed","ping_status":"closed","template":"","meta":{"inline_featured_image":false,"footnotes":""},"class_list":["post-991843","page","type-page","status-publish","hentry"],"_links":{"self":[{"href":"https:\/\/www.poderemaremma.it\/de\/wp-json\/wp\/v2\/pages\/991843","targetHints":{"allow":["GET"]}}],"collection":[{"href":"https:\/\/www.poderemaremma.it\/de\/wp-json\/wp\/v2\/pages"}],"about":[{"href":"https:\/\/www.poderemaremma.it\/de\/wp-json\/wp\/v2\/types\/page"}],"author":[{"embeddable":true,"href":"https:\/\/www.poderemaremma.it\/de\/wp-json\/wp\/v2\/users\/1"}],"replies":[{"embeddable":true,"href":"https:\/\/www.poderemaremma.it\/de\/wp-json\/wp\/v2\/comments?post=991843"}],"version-history":[{"count":4,"href":"https:\/\/www.poderemaremma.it\/de\/wp-json\/wp\/v2\/pages\/991843\/revisions"}],"predecessor-version":[{"id":992026,"href":"https:\/\/www.poderemaremma.it\/de\/wp-json\/wp\/v2\/pages\/991843\/revisions\/992026"}],"up":[{"embeddable":true,"href":"https:\/\/www.poderemaremma.it\/de\/wp-json\/wp\/v2\/pages\/991819"}],"wp:attachment":[{"href":"https:\/\/www.poderemaremma.it\/de\/wp-json\/wp\/v2\/media?parent=991843"}],"curies":[{"name":"wp","href":"https:\/\/api.w.org\/{rel}","templated":true}]}}