{"id":991842,"date":"2022-10-10T15:59:33","date_gmt":"2022-10-10T13:59:33","guid":{"rendered":"http:\/\/new.poderemaremma.it\/bauernhaus-maremma\/dienstleistungen\/fitness-area\/"},"modified":"2022-11-02T15:57:59","modified_gmt":"2022-11-02T14:57:59","slug":"fitnessbereich","status":"publish","type":"page","link":"https:\/\/www.poderemaremma.it\/de\/bauernhaus-maremma\/dienstleistungen\/fitnessbereich\/","title":{"rendered":"Fitnessbereich"},"content":{"rendered":"<div class=\"fl-builder-content fl-builder-content-991842 fl-builder-global-templates-locked\" data-post-id=\"991842\"><div class=\"fl-row fl-row-full-width fl-row-bg-color fl-node-k13er8xi6ujw fl-row-bg-attachment-scroll\" data-node=\"k13er8xi6ujw\">\n\t<div class=\"fl-row-content-wrap\">\n\t\t\t\t\t\t<div class=\"fl-row-content fl-row-fixed-width fl-node-content\">\n\t\t\n<div class=\"fl-col-group fl-node-ck9x872wdz5l fl-col-group-custom-width\" data-node=\"ck9x872wdz5l\">\n\t\t\t<div class=\"fl-col fl-node-13i6zafq289h fl-col-has-cols\" data-node=\"13i6zafq289h\">\n\t<div class=\"fl-col-content fl-node-content\">\n\t\n<div class=\"fl-col-group fl-node-6qn51d7brym4 fl-col-group-nested fl-col-group-equal-height fl-col-group-align-center fl-col-group-custom-width fl-col-group-responsive-reversed\" data-node=\"6qn51d7brym4\">\n\t\t\t<div class=\"fl-col fl-node-fnkpyeborm2w fl-col-small\" data-node=\"fnkpyeborm2w\">\n\t<div class=\"fl-col-content fl-node-content\">\n\t<div class=\"fl-module fl-module-vamtam-icon fl-node-plr68a5xmeu3\" data-node=\"plr68a5xmeu3\">\n\t<div class=\"fl-module-content fl-node-content\">\n\t\t<span class=\"fl-icon-wrap\">\n\t<span class=\"fl-icon\">\n\t\t\t\t\t<i class=\"fas fa-dumbbell \" ><\/i>\n\t\t\t<\/span>\n\n\t<\/span>\n\t<\/div>\n<\/div>\n<div class=\"fl-module fl-module-rich-text fl-node-9pn8t1erydj7\" data-node=\"9pn8t1erydj7\">\n\t<div class=\"fl-module-content fl-node-content\">\n\t\t<div class=\"fl-rich-text\">\n\t<p style=\"text-align: center;\"><a href=\"http:\/\/www.poderemaremma.it\/de\/bauernhaus-maremma\/dienstleistungen\/\">\u2190\u00a0zur\u00fcck zur Serviceseite<\/a><\/p>\n<\/div>\n\t<\/div>\n<\/div>\n<div class=\"fl-module fl-module-vamtam-heading fl-node-qm3kau6z0cgb\" data-node=\"qm3kau6z0cgb\">\n\t<div class=\"fl-module-content fl-node-content\">\n\t\t<h3 class=\"vamtam-heading \">\n\t\n\t\n\t<span class=\"vamtam-heading-text\">Bauernhaus in der Maremma<br>mit Fitnessbereich<\/span>\n\n\t\n\t<\/h3>\n\t<\/div>\n<\/div>\n<div class=\"fl-module fl-module-rich-text fl-node-6ms0k1eog8zv\" data-node=\"6ms0k1eog8zv\">\n\t<div class=\"fl-module-content fl-node-content\">\n\t\t<div class=\"fl-rich-text\">\n\t<p>Im Garten gibt es einen Gesundheitspfad mit verschiedenen Hilfsmitteln f\u00fcr G\u00e4ste, die sich fit halten m\u00f6chten.<\/p>\n<\/div>\n\t<\/div>\n<\/div>\n\t<\/div>\n<\/div>\n\t\t\t<div class=\"fl-col fl-node-h0bqfz5gnpor\" data-node=\"h0bqfz5gnpor\" data-progressive-animation=\"move-from-bottom\" data-vamtam-animation-options=\"{&quot;type&quot;:&quot;progressive&quot;,&quot;origin&quot;:&quot;center center&quot;,&quot;exit&quot;:false,&quot;delay&quot;:0,&quot;mobile&quot;:false,&quot;pin&quot;:false,&quot;pinTrigger&quot;:&quot;&quot;}\">\n\t<div class=\"fl-col-content fl-node-content\">\n\t\t<\/div>\n<\/div>\n\t<\/div>\n\t<\/div>\n<\/div>\n\t<\/div>\n\t\t<\/div>\n\t<\/div>\n<\/div>\n<\/div>","protected":false},"excerpt":{"rendered":"<p>\u2190\u00a0zur\u00fcck zur Serviceseite Bauernhaus in der Maremmamit Fitnessbereich Im Garten gibt es einen Gesundheitspfad mit verschiedenen Hilfsmitteln f\u00fcr G\u00e4ste, die sich fit halten m\u00f6chten.<\/p>\n","protected":false},"author":1,"featured_media":0,"parent":991819,"menu_order":0,"comment_status":"closed","ping_status":"closed","template":"","meta":{"inline_featured_image":false,"footnotes":""},"class_list":["post-991842","page","type-page","status-publish","hentry"],"_links":{"self":[{"href":"https:\/\/www.poderemaremma.it\/de\/wp-json\/wp\/v2\/pages\/991842","targetHints":{"allow":["GET"]}}],"collection":[{"href":"https:\/\/www.poderemaremma.it\/de\/wp-json\/wp\/v2\/pages"}],"about":[{"href":"https:\/\/www.poderemaremma.it\/de\/wp-json\/wp\/v2\/types\/page"}],"author":[{"embeddable":true,"href":"https:\/\/www.poderemaremma.it\/de\/wp-json\/wp\/v2\/users\/1"}],"replies":[{"embeddable":true,"href":"https:\/\/www.poderemaremma.it\/de\/wp-json\/wp\/v2\/comments?post=991842"}],"version-history":[{"count":3,"href":"https:\/\/www.poderemaremma.it\/de\/wp-json\/wp\/v2\/pages\/991842\/revisions"}],"predecessor-version":[{"id":992027,"href":"https:\/\/www.poderemaremma.it\/de\/wp-json\/wp\/v2\/pages\/991842\/revisions\/992027"}],"up":[{"embeddable":true,"href":"https:\/\/www.poderemaremma.it\/de\/wp-json\/wp\/v2\/pages\/991819"}],"wp:attachment":[{"href":"https:\/\/www.poderemaremma.it\/de\/wp-json\/wp\/v2\/media?parent=991842"}],"curies":[{"name":"wp","href":"https:\/\/api.w.org\/{rel}","templated":true}]}}