{"id":991825,"date":"2021-12-22T18:59:17","date_gmt":"2021-12-22T17:59:17","guid":{"rendered":"http:\/\/new.poderemaremma.it\/bauernhaus-maremma\/dienstleistungen\/bike-rental\/"},"modified":"2022-11-02T15:56:15","modified_gmt":"2022-11-02T14:56:15","slug":"fahrradverleih","status":"publish","type":"page","link":"https:\/\/www.poderemaremma.it\/de\/bauernhaus-maremma\/dienstleistungen\/fahrradverleih\/","title":{"rendered":"Fahrradverleih"},"content":{"rendered":"<div class=\"fl-builder-content fl-builder-content-991825 fl-builder-global-templates-locked\" data-post-id=\"991825\"><div class=\"fl-row fl-row-full-width fl-row-bg-color fl-node-nexhfaqls48t fl-row-bg-attachment-scroll\" data-node=\"nexhfaqls48t\">\n\t<div class=\"fl-row-content-wrap\">\n\t\t\t\t\t\t<div class=\"fl-row-content fl-row-fixed-width fl-node-content\">\n\t\t\n<div class=\"fl-col-group fl-node-6wrqubfaxv5e fl-col-group-custom-width\" data-node=\"6wrqubfaxv5e\">\n\t\t\t<div class=\"fl-col fl-node-shkvipdq06tj fl-col-has-cols\" data-node=\"shkvipdq06tj\">\n\t<div class=\"fl-col-content fl-node-content\">\n\t\n<div class=\"fl-col-group fl-node-md4z8in0kho5 fl-col-group-nested fl-col-group-equal-height fl-col-group-align-center fl-col-group-custom-width fl-col-group-responsive-reversed\" data-node=\"md4z8in0kho5\">\n\t\t\t<div class=\"fl-col fl-node-ndtyl6wa3fzk fl-col-small\" data-node=\"ndtyl6wa3fzk\">\n\t<div class=\"fl-col-content fl-node-content\">\n\t<div class=\"fl-module fl-module-vamtam-icon fl-node-gus68adwlrok\" data-node=\"gus68adwlrok\">\n\t<div class=\"fl-module-content fl-node-content\">\n\t\t<span class=\"fl-icon-wrap\">\n\t<span class=\"fl-icon\">\n\t\t\t\t\t<i class=\"fas fa-bicycle \" ><\/i>\n\t\t\t<\/span>\n\n\t<\/span>\n\t<\/div>\n<\/div>\n<div class=\"fl-module fl-module-rich-text fl-node-x70lmwd4uj3a\" data-node=\"x70lmwd4uj3a\">\n\t<div class=\"fl-module-content fl-node-content\">\n\t\t<div class=\"fl-rich-text\">\n\t<p style=\"text-align: center;\"><a href=\"http:\/\/www.poderemaremma.it\/de\/bauernhaus-maremma\/dienstleistungen\/\">\u2190\u00a0zur\u00fcck zur Serviceseite<\/a><\/p>\n<\/div>\n\t<\/div>\n<\/div>\n<div class=\"fl-module fl-module-vamtam-button fl-node-is4vm0uhf9ny serviziopagamento\" data-node=\"is4vm0uhf9ny\">\n\t<div class=\"fl-module-content fl-node-content\">\n\t\t<div class=\"vamtam-button-wrap vamtam-button-width-full vamtam-button-has-icon\" style=\"text-align:left\">\n\t<a href=\"\" target=\"_self\" class=\"vamtam-button accent1 hover-accent6 button-solid icon-animation-disable\" role=\"button\" style=\"font-size:14px;line-height:16px;padding:16px 32px;\">\n\n\t\t\t\t\t<i class=\"vamtam-button-icon vamtam-button-icon-before fi-alert\"  ><\/i>\n\t\t\n\t\t\t\t\t<span class=\"vamtam-button-text\">SERVICE GEGEN BEZAHLUNG<\/span>\n\t\t\n\t\t\n\t<\/a>\n<\/div>\n\t<\/div>\n<\/div>\n<div class=\"fl-module fl-module-vamtam-heading fl-node-xt2a1zkidqcg\" data-node=\"xt2a1zkidqcg\">\n\t<div class=\"fl-module-content fl-node-content\">\n\t\t<h3 class=\"vamtam-heading \">\n\t\n\t\n\t<span class=\"vamtam-heading-text\">Bauernhaus in der Maremma<br>mit Fahrradverleih<\/span>\n\n\t\n\t<\/h3>\n\t<\/div>\n<\/div>\n<div class=\"fl-module fl-module-rich-text fl-node-ne5m8plvcaox\" data-node=\"ne5m8plvcaox\">\n\t<div class=\"fl-module-content fl-node-content\">\n\t\t<div class=\"fl-rich-text\">\n\t<p>Fahrradverleih ideal f\u00fcr kurze Ausfl\u00fcge in die Umgebung, die selbstst\u00e4ndig oder in Begleitung eines fachkundigen F\u00fchrers durchgef\u00fchrt werden k\u00f6nnen.<\/p>\n<\/div>\n\t<\/div>\n<\/div>\n\t<\/div>\n<\/div>\n\t\t\t<div class=\"fl-col fl-node-ls8zjru3ik69\" data-node=\"ls8zjru3ik69\" data-progressive-animation=\"move-from-bottom\" data-vamtam-animation-options=\"{&quot;type&quot;:&quot;progressive&quot;,&quot;origin&quot;:&quot;center center&quot;,&quot;exit&quot;:false,&quot;delay&quot;:0,&quot;mobile&quot;:false,&quot;pin&quot;:false,&quot;pinTrigger&quot;:&quot;&quot;}\">\n\t<div class=\"fl-col-content fl-node-content\">\n\t\t<\/div>\n<\/div>\n\t<\/div>\n\t<\/div>\n<\/div>\n\t<\/div>\n\t\t<\/div>\n\t<\/div>\n<\/div>\n<\/div>","protected":false},"excerpt":{"rendered":"<p>\u2190\u00a0zur\u00fcck zur Serviceseite SERVICE GEGEN BEZAHLUNG Bauernhaus in der Maremmamit Fahrradverleih Fahrradverleih ideal f\u00fcr kurze Ausfl\u00fcge in die Umgebung, die selbstst\u00e4ndig oder in Begleitung eines fachkundigen F\u00fchrers durchgef\u00fchrt werden k\u00f6nnen.<\/p>\n","protected":false},"author":1,"featured_media":0,"parent":991819,"menu_order":0,"comment_status":"closed","ping_status":"closed","template":"","meta":{"inline_featured_image":false,"footnotes":""},"class_list":["post-991825","page","type-page","status-publish","hentry"],"_links":{"self":[{"href":"https:\/\/www.poderemaremma.it\/de\/wp-json\/wp\/v2\/pages\/991825","targetHints":{"allow":["GET"]}}],"collection":[{"href":"https:\/\/www.poderemaremma.it\/de\/wp-json\/wp\/v2\/pages"}],"about":[{"href":"https:\/\/www.poderemaremma.it\/de\/wp-json\/wp\/v2\/types\/page"}],"author":[{"embeddable":true,"href":"https:\/\/www.poderemaremma.it\/de\/wp-json\/wp\/v2\/users\/1"}],"replies":[{"embeddable":true,"href":"https:\/\/www.poderemaremma.it\/de\/wp-json\/wp\/v2\/comments?post=991825"}],"version-history":[{"count":4,"href":"https:\/\/www.poderemaremma.it\/de\/wp-json\/wp\/v2\/pages\/991825\/revisions"}],"predecessor-version":[{"id":992022,"href":"https:\/\/www.poderemaremma.it\/de\/wp-json\/wp\/v2\/pages\/991825\/revisions\/992022"}],"up":[{"embeddable":true,"href":"https:\/\/www.poderemaremma.it\/de\/wp-json\/wp\/v2\/pages\/991819"}],"wp:attachment":[{"href":"https:\/\/www.poderemaremma.it\/de\/wp-json\/wp\/v2\/media?parent=991825"}],"curies":[{"name":"wp","href":"https:\/\/api.w.org\/{rel}","templated":true}]}}