{"id":991814,"date":"2022-10-07T14:28:17","date_gmt":"2022-10-07T12:28:17","guid":{"rendered":"http:\/\/new.poderemaremma.it\/farm-maremma\/"},"modified":"2022-10-14T16:25:35","modified_gmt":"2022-10-14T14:25:35","slug":"bauernhof-maremma","status":"publish","type":"page","link":"https:\/\/www.poderemaremma.it\/de\/bauernhof-maremma\/","title":{"rendered":"Bauernhof"},"content":{"rendered":"<div class=\"fl-builder-content fl-builder-content-991814 fl-builder-global-templates-locked\" data-post-id=\"991814\"><div class=\"fl-row fl-row-full-width fl-row-bg-color fl-node-j02xgkumoh9c fl-row-bg-attachment-scroll\" data-node=\"j02xgkumoh9c\">\n\t<div class=\"fl-row-content-wrap\">\n\t\t\t\t\t\t<div class=\"fl-row-content fl-row-fixed-width fl-node-content\">\n\t\t\n<div class=\"fl-col-group fl-node-ahiruw2yfcl8\" data-node=\"ahiruw2yfcl8\">\n\t\t\t<div class=\"fl-col fl-node-v1n032pj69rc\" data-node=\"v1n032pj69rc\">\n\t<div class=\"fl-col-content fl-node-content\">\n\t<div class=\"fl-module fl-module-html fl-node-wsuth3plz1m2\" data-node=\"wsuth3plz1m2\">\n\t<div class=\"fl-module-content fl-node-content\">\n\t\t<div class=\"fl-html\">\n\t<div id=\"hotel-booking-search-69f353deb180b\" class=\"hotel-booking-search\">\n\t\t<div class=\"sostitutibookingengine\">\n\t\t<a href=\"https:\/\/booking.passepartout.cloud\/booking?oidPortale=14471&amp;lingua=de\" target=\"_blank\" class=\"bookingbutton prenota\">Jetzt Buchen<\/a>\n\t\t<a href=\"\/de\/kontakte\/\" class=\"bookingbutton\">Kontakte<\/a>\n\t<\/div>\n\t<\/div>\n<\/div>\n\t<\/div>\n<\/div>\n\t<\/div>\n<\/div>\n\t<\/div>\n\t\t<\/div>\n\t<\/div>\n<\/div>\n<div class=\"fl-row fl-row-full-width fl-row-bg-color fl-node-3eolf1xi29rp fl-row-bg-attachment-scroll\" data-node=\"3eolf1xi29rp\">\n\t<div class=\"fl-row-content-wrap\">\n\t\t\t\t\t\t<div class=\"fl-row-content fl-row-fixed-width fl-node-content\">\n\t\t\n<div class=\"fl-col-group fl-node-al67kzxrjpo5 fl-col-group-custom-width\" data-node=\"al67kzxrjpo5\">\n\t\t\t<div class=\"fl-col fl-node-6m7tl9krp2qn fl-col-has-cols\" data-node=\"6m7tl9krp2qn\">\n\t<div class=\"fl-col-content fl-node-content\">\n\t\n<div class=\"fl-col-group fl-node-in15t2d86mvz fl-col-group-nested fl-col-group-equal-height fl-col-group-align-center fl-col-group-custom-width fl-col-group-responsive-reversed\" data-node=\"in15t2d86mvz\">\n\t\t\t<div class=\"fl-col fl-node-601ndizth8so fl-col-small\" data-node=\"601ndizth8so\">\n\t<div class=\"fl-col-content fl-node-content\">\n\t<div class=\"fl-module fl-module-vamtam-icon fl-node-ups6zixryjcb\" data-node=\"ups6zixryjcb\">\n\t<div class=\"fl-module-content fl-node-content\">\n\t\t<span class=\"fl-icon-wrap\">\n\t<span class=\"fl-icon\">\n\t\t\t\t\t<i class=\"fas fa-carrot \" ><\/i>\n\t\t\t<\/span>\n\n\t<\/span>\n\t<\/div>\n<\/div>\n<div class=\"fl-module fl-module-vamtam-heading fl-node-pob6av0kng95\" data-node=\"pob6av0kng95\">\n\t<div class=\"fl-module-content fl-node-content\">\n\t\t<h3 class=\"vamtam-heading \">\n\t\n\t\n\t<span class=\"vamtam-heading-text\">Bauernhof<\/span>\n\n\t\n\t<\/h3>\n\t<\/div>\n<\/div>\n<div class=\"fl-module fl-module-rich-text fl-node-574wbmartn3f\" data-node=\"574wbmartn3f\">\n\t<div class=\"fl-module-content fl-node-content\">\n\t\t<div class=\"fl-rich-text\">\n\t<p>Der Agritourismus Podere Maremma ist von einem etwa 16 Hektar gro\u00dfen Anwesen umgeben. Dieses riesige Gebiet ist Teil desselben Grundst\u00fccks und eng mit dem Betrieb verbunden.<\/p>\n<p>Tats\u00e4chlich stammen viele der Zutaten, die in unserem <a href=\"http:\/\/www.poderemaremma.it\/de\/restaurant-orbetello\/\">Restaurant \u201eIl Leccino\u201c<\/a> verwendet werden, von diesem Anwesen, um schmackhafte und schmackhafte traditionelle Rezepte zu kreieren.<\/p>\n<p>Der Betrieb konzentriert sich auf die Produktion von toskanischem IGP Oliven\u00f6l und tats\u00e4chlich gibt es \u00fcber 1500 Olivenb\u00e4ume.<\/p>\n<\/div>\n\t<\/div>\n<\/div>\n\t<\/div>\n<\/div>\n\t\t\t<div class=\"fl-col fl-node-9ypnb7sqxcta\" data-node=\"9ypnb7sqxcta\" data-progressive-animation=\"move-from-bottom\" data-vamtam-animation-options=\"{&quot;type&quot;:&quot;progressive&quot;,&quot;origin&quot;:&quot;center center&quot;,&quot;exit&quot;:false,&quot;delay&quot;:0,&quot;mobile&quot;:false,&quot;pin&quot;:false,&quot;pinTrigger&quot;:&quot;&quot;}\">\n\t<div class=\"fl-col-content fl-node-content\">\n\t\t<\/div>\n<\/div>\n\t<\/div>\n\t<\/div>\n<\/div>\n\t<\/div>\n\t\t<\/div>\n\t<\/div>\n<\/div>\n<div class=\"fl-row fl-row-full-width fl-row-bg-color fl-node-ywnhpou9ejx2 fl-row-bg-attachment-scroll\" data-node=\"ywnhpou9ejx2\">\n\t<div class=\"fl-row-content-wrap\">\n\t\t\t\t\t\t<div class=\"fl-row-content fl-row-fixed-width fl-node-content\">\n\t\t\n<div class=\"fl-col-group fl-node-j1botal7prg6 fl-col-group-custom-width\" data-node=\"j1botal7prg6\">\n\t\t\t<div class=\"fl-col fl-node-689ep21r7myw fl-col-has-cols\" data-node=\"689ep21r7myw\">\n\t<div class=\"fl-col-content fl-node-content\">\n\t\n<div class=\"fl-col-group fl-node-3b1z2m97xlth fl-col-group-nested fl-col-group-equal-height fl-col-group-align-center fl-col-group-custom-width\" data-node=\"3b1z2m97xlth\">\n\t\t\t<div class=\"fl-col fl-node-qdfr9uabie5t\" data-node=\"qdfr9uabie5t\" data-progressive-animation=\"move-from-bottom\" data-vamtam-animation-options=\"{&quot;type&quot;:&quot;progressive&quot;,&quot;origin&quot;:&quot;center center&quot;,&quot;exit&quot;:false,&quot;delay&quot;:0,&quot;mobile&quot;:false,&quot;pin&quot;:false,&quot;pinTrigger&quot;:&quot;&quot;}\">\n\t<div class=\"fl-col-content fl-node-content\">\n\t\t<\/div>\n<\/div>\n\t\t\t<div class=\"fl-col fl-node-5tr3e0ga9uky fl-col-small\" data-node=\"5tr3e0ga9uky\">\n\t<div class=\"fl-col-content fl-node-content\">\n\t<div class=\"fl-module fl-module-vamtam-icon fl-node-4bn10yv6e5ih\" data-node=\"4bn10yv6e5ih\">\n\t<div class=\"fl-module-content fl-node-content\">\n\t\t<span class=\"fl-icon-wrap\">\n\t<span class=\"fl-icon\">\n\t\t\t\t\t<i class=\"fas fa-hand-holding-heart \" ><\/i>\n\t\t\t<\/span>\n\n\t<\/span>\n\t<\/div>\n<\/div>\n<div class=\"fl-module fl-module-vamtam-heading fl-node-7bgyjsl35qf9\" data-node=\"7bgyjsl35qf9\">\n\t<div class=\"fl-module-content fl-node-content\">\n\t\t<h3 class=\"vamtam-heading \">\n\t\n\t\n\t<span class=\"vamtam-heading-text\">Liebe zum Territorium<\/span>\n\n\t\n\t<\/h3>\n\t<\/div>\n<\/div>\n<div class=\"fl-module fl-module-rich-text fl-node-pc3hgy7til1k\" data-node=\"pc3hgy7til1k\">\n\t<div class=\"fl-module-content fl-node-content\">\n\t\t<div class=\"fl-rich-text\">\n\t<div class=\"wpb_text_column wpb_content_element \">\n<div class=\"wpb_wrapper\">\n<p>Zusammen mit unseren Experten ist es m\u00f6glich, die Anbautechniken kennen zu lernen, die es erm\u00f6glichen, ein qualitativ hochwertiges Endprodukt zu erhalten und nicht nur \u2026 Sie k\u00f6nnen auch die erlernten Begriffe in die Praxis umsetzen, dank der M\u00f6glichkeit, die der Betrieb bietet, damit Sie das Landleben sowohl in den Zeiten der Olivenernte als auch in den Zeiten des Anbaus direkt auf dem Feld erleben k\u00f6nnen.<\/p>\n<p>Worauf warten Sie noch? Lernen Sie den Betrieb kennen und probieren Sie seine fantastischen Produkte aus dem <a href=\"http:\/\/www.poderemaremma.it\/de\/restaurant-orbetello\/\">Restaurant \u201eIl Leccino\u201c<\/a>.<\/p>\n<\/div>\n<\/div>\n<\/div>\n\t<\/div>\n<\/div>\n\t<\/div>\n<\/div>\n\t<\/div>\n\t<\/div>\n<\/div>\n\t<\/div>\n\t\t<\/div>\n\t<\/div>\n<\/div>\n<\/div>","protected":false},"excerpt":{"rendered":"<p>Jetzt Buchen Kontakte Bauernhof Der Agritourismus Podere Maremma ist von einem etwa 16 Hektar gro\u00dfen Anwesen umgeben. Dieses riesige Gebiet ist Teil desselben Grundst\u00fccks und eng mit dem Betrieb verbunden. Tats\u00e4chlich stammen viele der Zutaten, die in unserem Restaurant \u201eIl Leccino\u201c verwendet werden, von diesem Anwesen, um schmackhafte und schmackhafte traditionelle Rezepte zu kreieren. Der&#8230;<\/p>\n","protected":false},"author":1,"featured_media":0,"parent":0,"menu_order":0,"comment_status":"closed","ping_status":"closed","template":"","meta":{"inline_featured_image":false,"footnotes":""},"class_list":["post-991814","page","type-page","status-publish","hentry"],"_links":{"self":[{"href":"https:\/\/www.poderemaremma.it\/de\/wp-json\/wp\/v2\/pages\/991814","targetHints":{"allow":["GET"]}}],"collection":[{"href":"https:\/\/www.poderemaremma.it\/de\/wp-json\/wp\/v2\/pages"}],"about":[{"href":"https:\/\/www.poderemaremma.it\/de\/wp-json\/wp\/v2\/types\/page"}],"author":[{"embeddable":true,"href":"https:\/\/www.poderemaremma.it\/de\/wp-json\/wp\/v2\/users\/1"}],"replies":[{"embeddable":true,"href":"https:\/\/www.poderemaremma.it\/de\/wp-json\/wp\/v2\/comments?post=991814"}],"version-history":[{"count":3,"href":"https:\/\/www.poderemaremma.it\/de\/wp-json\/wp\/v2\/pages\/991814\/revisions"}],"predecessor-version":[{"id":991817,"href":"https:\/\/www.poderemaremma.it\/de\/wp-json\/wp\/v2\/pages\/991814\/revisions\/991817"}],"wp:attachment":[{"href":"https:\/\/www.poderemaremma.it\/de\/wp-json\/wp\/v2\/media?parent=991814"}],"curies":[{"name":"wp","href":"https:\/\/api.w.org\/{rel}","templated":true}]}}